{"id":15,"date":"2025-10-05T11:33:36","date_gmt":"2025-10-05T09:33:36","guid":{"rendered":"http:\/\/katarzynalorenz.eu\/?page_id=15"},"modified":"2025-10-21T14:25:53","modified_gmt":"2025-10-21T12:25:53","slug":"tworz-swoja-witryne-za-pomoca-blokow","status":"publish","type":"page","link":"https:\/\/katarzynalorenz.eu\/","title":{"rendered":"Marketing, PR, strategia, copywriting, zarz\u0105dzanie projektem"},"content":{"rendered":"\n<h2 class=\"wp-block-heading alignwide has-text-align-wide has-huge-font-size\" style=\"line-height:1.2\">Marketing, PR, strategia, copywriting, zarz\u0105dzanie projektem.<\/h2>\n\n\n\n<div class=\"wp-block-columns alignwide are-vertically-aligned-center is-style-twentytwentyone-columns-overlap is-layout-flex wp-container-core-columns-is-layout-9d6595d7 wp-block-columns-is-layout-flex\">\n<div class=\"wp-block-column is-vertically-aligned-center is-layout-flow wp-block-column-is-layout-flow\">\n<figure class=\"wp-block-image alignfull size-full is-style-default\"><img loading=\"lazy\" decoding=\"async\" width=\"634\" height=\"768\" src=\"http:\/\/katarzynalorenz.eu\/wp-content\/uploads\/2025\/10\/Katarzyna_lorenz_marketing_strategia_634_768.003.jpeg\" alt=\"\" class=\"wp-image-191\" srcset=\"https:\/\/katarzynalorenz.eu\/wp-content\/uploads\/2025\/10\/Katarzyna_lorenz_marketing_strategia_634_768.003.jpeg 634w, https:\/\/katarzynalorenz.eu\/wp-content\/uploads\/2025\/10\/Katarzyna_lorenz_marketing_strategia_634_768.003-248x300.jpeg 248w\" sizes=\"auto, (max-width: 634px) 100vw, 634px\" \/><\/figure>\n\n\n\n<div style=\"height:100px\" aria-hidden=\"true\" class=\"wp-block-spacer\"><\/div>\n<\/div>\n\n\n\n<div class=\"wp-block-column is-vertically-aligned-center is-layout-flow wp-block-column-is-layout-flow\">\n<figure class=\"wp-block-image size-full alignfull is-style-default\"><img loading=\"lazy\" decoding=\"async\" width=\"621\" height=\"768\" src=\"http:\/\/katarzynalorenz.eu\/wp-content\/uploads\/2025\/10\/Katarzyna_lorenz_marketing_strategia_copywriting_zarzadzanie_projektem.jpeg\" alt=\"\" class=\"wp-image-153\" srcset=\"https:\/\/katarzynalorenz.eu\/wp-content\/uploads\/2025\/10\/Katarzyna_lorenz_marketing_strategia_copywriting_zarzadzanie_projektem.jpeg 621w, https:\/\/katarzynalorenz.eu\/wp-content\/uploads\/2025\/10\/Katarzyna_lorenz_marketing_strategia_copywriting_zarzadzanie_projektem-243x300.jpeg 243w\" sizes=\"auto, (max-width: 621px) 100vw, 621px\" \/><\/figure>\n<\/div>\n<\/div>\n\n\n\n<p class=\"has-text-align-center has-huge-font-size\"><strong>Obszary pracy <\/strong><\/p>\n\n\n\n<p><\/p>\n\n\n\n<div class=\"wp-block-columns alignwide are-vertically-aligned-top is-layout-flex wp-container-core-columns-is-layout-9d6595d7 wp-block-columns-is-layout-flex\">\n<div class=\"wp-block-column is-vertically-aligned-top is-layout-flow wp-block-column-is-layout-flow\">\n<h3 class=\"wp-block-heading\">Marketing, kampanie<\/h3>\n\n\n\n<p>Komunikacja marketingowa i kampanie<br>Tworz\u0119 strategie i realizuj\u0119 kampanie 360\u00b0: od koncepcji po wdro\u017cenie. Dbam o sp\u00f3jno\u015b\u0107 przekazu, skuteczno\u015b\u0107 i dopasowanie dzia\u0142a\u0144 do cel\u00f3w biznesowych.<\/p>\n<\/div>\n\n\n\n<div class=\"wp-block-column is-vertically-aligned-top is-layout-flow wp-block-column-is-layout-flow\">\n<h3 class=\"wp-block-heading\">Public Relations<\/h3>\n\n\n\n<p>Buduj\u0119 wizerunek marek i instytucji. Planowo i konsekwentnie prowadz\u0119 komunikacj\u0119 z mediami, przygotowuj\u0119 materia\u0142y prasowe i rozwijam relacje z partnerami biznesowymi.<\/p>\n<\/div>\n\n\n\n<div class=\"wp-block-column is-vertically-aligned-top is-layout-flow wp-block-column-is-layout-flow\">\n<h3 class=\"wp-block-heading\">Strategia <\/h3>\n\n\n\n<p>Projektuj\u0119 strategie marek, kampanii i komunikacj\u0119. Analizuj\u0119 dane, definiuj\u0119 cele, tworz\u0119 kierunki kreatywne i rekomendacje dzia\u0142a\u0144 marketingowych dopasowane do realnych potrzeb.<\/p>\n<\/div>\n<\/div>\n\n\n\n<div class=\"wp-block-columns alignwide are-vertically-aligned-top is-layout-flex wp-container-core-columns-is-layout-9d6595d7 wp-block-columns-is-layout-flex\">\n<div class=\"wp-block-column is-vertically-aligned-top is-layout-flow wp-block-column-is-layout-flow\">\n<h3 class=\"wp-block-heading\">Branding <\/h3>\n\n\n\n<p>Wspieram marki w definiowaniu ich to\u017csamo\u015bci i wyr\u00f3\u017cnik\u00f3w. Projektuj\u0119 kierunki komunikacyjne i wizualne, kt\u00f3re pomagaj\u0105 firmom budowa\u0107 rozpoznawalno\u015b\u0107, wiarygodno\u015b\u0107 i emocjonaln\u0105 wi\u0119\u017a z odbiorcami.<\/p>\n<\/div>\n\n\n\n<div class=\"wp-block-column is-vertically-aligned-top is-layout-flow wp-block-column-is-layout-flow\">\n<h3 class=\"wp-block-heading\">Copywriting<\/h3>\n\n\n\n<p>Pisz\u0119 tre\u015bci, kt\u00f3re przyci\u0105gaj\u0105 uwag\u0119 i wspieraj\u0105 sprzeda\u017c \u2013 od claim\u00f3w i artyku\u0142\u00f3w po content na social media, strony www i newslettery..<\/p>\n<\/div>\n\n\n\n<div class=\"wp-block-column is-vertically-aligned-top is-layout-flow wp-block-column-is-layout-flow\">\n<h3 class=\"wp-block-heading\">Zrz\u0105dzanie projektem i procesem<\/h3>\n\n\n\n<p>Organizuj\u0119 prac\u0119 zespo\u0142\u00f3w i nadzoruj\u0119 realizacj\u0119 projekt\u00f3w marketingowych, \u0142\u0105cz\u0105c kreatywno\u015b\u0107 z efektywno\u015bci\u0105 i trosk\u0105 o detale..<\/p>\n<\/div>\n<\/div>\n\n\n\n<hr class=\"wp-block-separator has-alpha-channel-opacity\"\/>\n\n\n\n<p class=\"has-text-align-center has-huge-font-size\"><strong>Case Studies<\/strong><\/p>\n\n\n\n<div class=\"wp-block-columns alignwide are-vertically-aligned-top is-layout-flex wp-container-core-columns-is-layout-9d6595d7 wp-block-columns-is-layout-flex\">\n<div class=\"wp-block-column is-vertically-aligned-top is-layout-flow wp-block-column-is-layout-flow\">\n<h3 class=\"wp-block-heading\">Jak opowiada\u0107 o finansach by zainteresowa\u0107 odbiorc\u00f3w?<\/h3>\n\n\n\n<p><a href=\"http:\/\/katarzynalorenz.eu\/?p=70\" data-type=\"post\" data-id=\"70\">Humor, emocje, prosty j\u0119zyk i element edukacyjny to kluczowe \u015brodki u\u017cyte w kampaniach przygotowanych dla Aegon Polska.<\/a><\/p>\n<\/div>\n\n\n\n<div class=\"wp-block-column is-vertically-aligned-top is-layout-flow wp-block-column-is-layout-flow\">\n<h3 class=\"wp-block-heading\">Teatr Narodowy<\/h3>\n\n\n\n<p><a href=\"http:\/\/katarzynalorenz.eu\/?p=68\" data-type=\"post\" data-id=\"68\">Projekt, zrealizowany w 2014 roku, stanowi\u0142 przyk\u0142ad wdro\u017cenia nowoczesnych standard\u00f3w w komunikacji instytucji kultury.<\/a><\/p>\n<\/div>\n\n\n\n<div class=\"wp-block-column is-vertically-aligned-top is-layout-flow wp-block-column-is-layout-flow\">\n<h3 class=\"wp-block-heading\">Kampanie dla MTV Polska<\/h3>\n\n\n\n<p><a href=\"http:\/\/katarzynalorenz.eu\/?p=101\" data-type=\"post\" data-id=\"101\">Kampanie dla MTV Polska oraz innych stacji z portfolio Viacom<\/a><\/p>\n<\/div>\n<\/div>\n\n\n\n<div class=\"wp-block-columns alignwide are-vertically-aligned-top is-layout-flex wp-container-core-columns-is-layout-9d6595d7 wp-block-columns-is-layout-flex\">\n<div class=\"wp-block-column is-vertically-aligned-top is-layout-flow wp-block-column-is-layout-flow\">\n<h3 class=\"wp-block-heading\">Kampania promocyjna nowego formatu TV<\/h3>\n\n\n\n<p><a href=\"http:\/\/katarzynalorenz.eu\/?p=109\" data-type=\"post\" data-id=\"109\">Absurdalne porady \u017cyciowe w kampanii dla Comedy Central<\/a><\/p>\n<\/div>\n\n\n\n<div class=\"wp-block-column is-vertically-aligned-top is-layout-flow wp-block-column-is-layout-flow\">\n<h3 class=\"wp-block-heading\">Przestrze\u0144 miejska jako scena edukacji ekologicznej.<\/h3>\n\n\n\n<p><a href=\"http:\/\/katarzynalorenz.eu\/?p=111\" data-type=\"post\" data-id=\"111\">Instalacja OOH dla Greenpeace Polska \u0142\u0105czy\u0142a technologi\u0119, zabaw\u0119 i refleksj\u0119.<\/a><\/p>\n<\/div>\n\n\n\n<div class=\"wp-block-column is-vertically-aligned-top is-layout-flow wp-block-column-is-layout-flow\">\n<h3 class=\"wp-block-heading\">Finanse publiczne i aktywno\u015b\u0107 obywatelska w formie gry planszowej.<\/h3>\n\n\n\n<p><br><a href=\"http:\/\/katarzynalorenz.eu\/?p=113\" data-type=\"post\" data-id=\"113\">Partycypolis uczy przez zabaw\u0119, pokazuj\u0105c, jak dzia\u0142a spo\u0142eczne wsp\u00f3\u0142decydowanie<\/a><\/p>\n\n\n\n<p><\/p>\n<\/div>\n<\/div>\n\n\n\n<h2 class=\"wp-block-heading alignwide\" id=\"we-re-a-studio-in-berlin-with-an-international-practice-in-architecture-urban-planning-and-interior-design-we-believe-in-sharing-knowledge-and-promoting-dialogue-to-increase-the-creative-potential-of-collaboration\" style=\"font-size:48px;line-height:1.1\"><strong>Nagrody <\/strong><br>Na przestrzeni ponad 15 lat kariery w marketingu i komunikacji wsp\u00f3\u0142tworzy\u0142am projekty nagradzane w najwa\u017cniejszych konkursach bran\u017cowych w Polsce. Pracuj\u0105c z zespo\u0142ami kreatywnymi i strategicznymi w agencjach, zdoby\u0142am do\u015bwiadczenie w realizacji kampanii docenianych za skuteczno\u015b\u0107, jako\u015b\u0107 i innowacyjne podej\u015bcie. Wi\u0119cej informacji, <a href=\"http:\/\/katarzynalorenz.eu\/?page_id=17\" data-type=\"page\" data-id=\"17\">kliknij tu.<\/a><\/h2>\n","protected":false},"excerpt":{"rendered":"<p>Marketing, PR, strategia, copywriting, zarz\u0105dzanie projektem. Obszary pracy Marketing, kampanie Komunikacja marketingowa i kampanieTworz\u0119 strategie i realizuj\u0119 kampanie 360\u00b0: od koncepcji po wdro\u017cenie. Dbam o sp\u00f3jno\u015b\u0107 przekazu, skuteczno\u015b\u0107 i dopasowanie dzia\u0142a\u0144 do cel\u00f3w biznesowych. Public Relations Buduj\u0119 wizerunek marek i instytucji. Planowo i konsekwentnie prowadz\u0119 komunikacj\u0119 z mediami, przygotowuj\u0119 materia\u0142y prasowe i rozwijam relacje z&hellip; <a class=\"more-link\" href=\"https:\/\/katarzynalorenz.eu\/\">Continue reading <span class=\"screen-reader-text\">Marketing, PR, strategia, copywriting, zarz\u0105dzanie projektem<\/span><\/a><\/p>\n","protected":false},"author":1,"featured_media":0,"parent":0,"menu_order":0,"comment_status":"closed","ping_status":"closed","template":"","meta":{"footnotes":""},"class_list":["post-15","page","type-page","status-publish","hentry","entry"],"_links":{"self":[{"href":"https:\/\/katarzynalorenz.eu\/index.php?rest_route=\/wp\/v2\/pages\/15","targetHints":{"allow":["GET"]}}],"collection":[{"href":"https:\/\/katarzynalorenz.eu\/index.php?rest_route=\/wp\/v2\/pages"}],"about":[{"href":"https:\/\/katarzynalorenz.eu\/index.php?rest_route=\/wp\/v2\/types\/page"}],"author":[{"embeddable":true,"href":"https:\/\/katarzynalorenz.eu\/index.php?rest_route=\/wp\/v2\/users\/1"}],"replies":[{"embeddable":true,"href":"https:\/\/katarzynalorenz.eu\/index.php?rest_route=%2Fwp%2Fv2%2Fcomments&post=15"}],"version-history":[{"count":68,"href":"https:\/\/katarzynalorenz.eu\/index.php?rest_route=\/wp\/v2\/pages\/15\/revisions"}],"predecessor-version":[{"id":276,"href":"https:\/\/katarzynalorenz.eu\/index.php?rest_route=\/wp\/v2\/pages\/15\/revisions\/276"}],"wp:attachment":[{"href":"https:\/\/katarzynalorenz.eu\/index.php?rest_route=%2Fwp%2Fv2%2Fmedia&parent=15"}],"curies":[{"name":"wp","href":"https:\/\/api.w.org\/{rel}","templated":true}]}}