{"id":16,"date":"2025-10-05T11:33:36","date_gmt":"2025-10-05T09:33:36","guid":{"rendered":"http:\/\/katarzynalorenz.eu\/?page_id=16"},"modified":"2025-10-21T14:24:18","modified_gmt":"2025-10-21T12:24:18","slug":"o-mnie","status":"publish","type":"page","link":"https:\/\/katarzynalorenz.eu\/?page_id=16","title":{"rendered":"O mnie"},"content":{"rendered":"\n<p><strong>Ponad 15 lat do\u015bwiadczenia w marketingu i komunikacji<\/strong>, zar\u00f3wno w obszarach B2B, jak i B2C. Pracowa\u0142am po stronie agencji reklamowych i klient\u00f3w, prowadz\u0105c projekty o r\u00f3\u017cnej skali: od du\u017cych kampanii 360\u00b0 z planami filmowymi i mediowymi po mniejsze dzia\u0142ania digitalowe i contentowe. Wspieram zespo\u0142y sprzeda\u017cy i marketingu w zakresie strategii, tworzenia kampanii, opracowywania case studies, materia\u0142\u00f3w PR i prezentacji. <\/p>\n\n\n\n<figure class=\"wp-block-image size-full\"><img loading=\"lazy\" decoding=\"async\" width=\"1431\" height=\"1431\" src=\"http:\/\/katarzynalorenz.eu\/wp-content\/uploads\/2025\/10\/kasia_lorenz_marketing_strategia_branding_kampanie.png\" alt=\"\" class=\"wp-image-270\" srcset=\"https:\/\/katarzynalorenz.eu\/wp-content\/uploads\/2025\/10\/kasia_lorenz_marketing_strategia_branding_kampanie.png 1431w, https:\/\/katarzynalorenz.eu\/wp-content\/uploads\/2025\/10\/kasia_lorenz_marketing_strategia_branding_kampanie-300x300.png 300w\" sizes=\"auto, (max-width: 1431px) 100vw, 1431px\" \/><\/figure>\n\n\n\n<p><br><strong>Tworz\u0119 strategie komunikacji, prowadz\u0119 kampanie i rozwijam marki<\/strong>: od analizy i koncepcji kreatywnej, przez copywriting i content marketing, po wdro\u017cenie i analiz\u0119 efekt\u00f3w. Pracowa\u0142am dla marek komercyjnych, organizacji spo\u0142ecznych i instytucji kultury. <br><br><strong>Jestem laureatk\u0105 presti\u017cowych nagr\u00f3d bran\u017cowych<\/strong>, m.in. KTR, Kreatura, Projekt Roku, WebStar, Dobry Wz\u00f3r i MUST HAVE. Zosta\u0142am zaproszona do grona juror\u00f3w konkurs\u00f3w kreatywnych i biznesowych, takich jak Sukces Pisany Szmink\u0105, Polish Graphic Design Awards czy Muzeum Widzialne. Komentuj\u0119 trendy marketingowe w mediach bran\u017cowych.<br><br><strong>Wspieram firmy w komunikacji online: od strategii i prowadzenia profili w social mediach <\/strong>(LinkedIn, Meta, YouTube), po newslettery, landing page\u2019e i kampanie digitalowe. Materia\u0142y wizualne i teksty przygotowuj\u0119 samodzielnie lub we wsp\u00f3\u0142pracy z zespo\u0142em kreatywnym.<br><br><strong>Prowadz\u0119 prezentacje i wyst\u0105pienia publiczne<\/strong>, a tak\u017ce przygotowuj\u0119 teksty przem\u00f3wie\u0144 i wyst\u0105pie\u0144 dla lider\u00f3w i marek, dbaj\u0105c o sp\u00f3jno\u015b\u0107 przekazu, emocje i precyzyjny j\u0119zyk.<br><br>Znam narz\u0119dzia cyfrowe i platformy wspieraj\u0105ce komunikacj\u0119, analityk\u0119 i tworzenie tre\u015bci, w tym rozwi\u0105zania oparte na AI (m.in.: ChatGPT, MidJourney).<br><br><strong>Potrafi\u0119 \u0142\u0105czy\u0107 perspektyw\u0119 biznesu, NGO i kultury<\/strong> \u2013 co przek\u0142ada si\u0119 na umiej\u0119tno\u015b\u0107 dostrzegania nowych mo\u017cliwo\u015bci w obszarze budowania wizerunku, reputacji i przewagi konkurencyjnej marek. Dzi\u0119ki do\u015bwiadczeniu w projektach z zakresu <strong>ESG<\/strong> potrafi\u0119 wspiera\u0107 firmy w dzia\u0142aniach komunikacyjnych, kt\u00f3re wzmacniaj\u0105 warto\u015b\u0107 marki nie tylko marketingowo, ale r\u00f3wnie\u017c w kontek\u015bcie raportowania niefinansowego, relacji z inwestorami i partnerami biznesowymi.<br><br>Dobrze odnajduj\u0119 si\u0119 w \u015brodowiskach o r\u00f3\u017cnej skali i strukturze: od niewielkich, dynamicznych zespo\u0142\u00f3w po du\u017ce organizacje. <strong>Pracowa\u0142am dla polskich i mi\u0119dzynarodowych marek<\/strong>, m.in. MTV, Paramount, Centrum Nauki Kopernik, T-Mobile, Dell Technologies, Nestl\u00e9, Teatr Narodowy i Greenpeace.<br><br><strong>W pracy ceni\u0119 jako\u015b\u0107, skuteczno\u015b\u0107 i partnerskie relacje.<\/strong><\/p>\n","protected":false},"excerpt":{"rendered":"<p>Ponad 15 lat do\u015bwiadczenia w marketingu i komunikacji, zar\u00f3wno w obszarach B2B, jak i B2C. Pracowa\u0142am po stronie agencji reklamowych i klient\u00f3w, prowadz\u0105c projekty o r\u00f3\u017cnej skali: od du\u017cych kampanii 360\u00b0 z planami filmowymi i mediowymi po mniejsze dzia\u0142ania digitalowe i contentowe. Wspieram zespo\u0142y sprzeda\u017cy i marketingu w zakresie strategii, tworzenia kampanii, opracowywania case studies,&hellip; <a class=\"more-link\" href=\"https:\/\/katarzynalorenz.eu\/?page_id=16\">Continue reading <span class=\"screen-reader-text\">O mnie<\/span><\/a><\/p>\n","protected":false},"author":1,"featured_media":0,"parent":0,"menu_order":0,"comment_status":"closed","ping_status":"closed","template":"","meta":{"footnotes":""},"class_list":["post-16","page","type-page","status-publish","hentry","entry"],"_links":{"self":[{"href":"https:\/\/katarzynalorenz.eu\/index.php?rest_route=\/wp\/v2\/pages\/16","targetHints":{"allow":["GET"]}}],"collection":[{"href":"https:\/\/katarzynalorenz.eu\/index.php?rest_route=\/wp\/v2\/pages"}],"about":[{"href":"https:\/\/katarzynalorenz.eu\/index.php?rest_route=\/wp\/v2\/types\/page"}],"author":[{"embeddable":true,"href":"https:\/\/katarzynalorenz.eu\/index.php?rest_route=\/wp\/v2\/users\/1"}],"replies":[{"embeddable":true,"href":"https:\/\/katarzynalorenz.eu\/index.php?rest_route=%2Fwp%2Fv2%2Fcomments&post=16"}],"version-history":[{"count":7,"href":"https:\/\/katarzynalorenz.eu\/index.php?rest_route=\/wp\/v2\/pages\/16\/revisions"}],"predecessor-version":[{"id":273,"href":"https:\/\/katarzynalorenz.eu\/index.php?rest_route=\/wp\/v2\/pages\/16\/revisions\/273"}],"wp:attachment":[{"href":"https:\/\/katarzynalorenz.eu\/index.php?rest_route=%2Fwp%2Fv2%2Fmedia&parent=16"}],"curies":[{"name":"wp","href":"https:\/\/api.w.org\/{rel}","templated":true}]}}