{"id":17,"date":"2025-10-05T11:33:36","date_gmt":"2025-10-05T09:33:36","guid":{"rendered":"http:\/\/katarzynalorenz.eu\/?page_id=17"},"modified":"2025-10-20T19:53:26","modified_gmt":"2025-10-20T17:53:26","slug":"kontakt","status":"publish","type":"page","link":"https:\/\/katarzynalorenz.eu\/?page_id=17","title":{"rendered":"Nagrody i referencje"},"content":{"rendered":"\n<p>Na przestrzeni ponad 15 lat kariery w marketingu i komunikacji wsp\u00f3\u0142tworzy\u0142am projekty nagradzane w najwa\u017cniejszych konkursach bran\u017cowych w Polsce. Pracuj\u0105c z zespo\u0142ami kreatywnymi i strategicznymi w agencjach, zdoby\u0142am do\u015bwiadczenie w realizacji kampanii docenianych za skuteczno\u015b\u0107, jako\u015b\u0107 i innowacyjne podej\u015bcie.<br>Zosta\u0142am r\u00f3wnie\u017c zaproszona do grona juror\u00f3w w konkursach kreatywnych i biznesowych, oceniaj\u0105c projekty z obszaru komunikacji, brandingu i designu.<br>wysokiej jako\u015bci wykonania i funkcjonalno\u015bci.<\/p>\n\n\n\n<h2 class=\"wp-block-heading\">Nagrody<\/h2>\n\n\n\n<p><strong>Klub Tw\u00f3rc\u00f3w Reklamy (KTR)<\/strong><br>Konkurs organizowany przez Stowarzyszenie Komunikacji Marketingowej SAR, nagradzaj\u0105cy kreatywne i skuteczne kampanie reklamowe<\/p>\n\n\n\n<p><strong>Projekt Roku<\/strong><br>Konkurs Stowarzyszenia Tw\u00f3rc\u00f3w Grafiki U\u017cytkowej STGU wyr\u00f3\u017cniaj\u0105cy najlepsze projekty graficzne i komunikacyjne w Polsce.<\/p>\n\n\n\n<p><strong>Kreatura<\/strong><br>Nagroda magazynu \u201eMedia &amp; Marketing Polska\u201d przyznawana za oryginalno\u015b\u0107 i jako\u015b\u0107 kampanii reklamowych.<\/p>\n\n\n\n<p><strong>WebStar Festival<\/strong><br>Konkurs promuj\u0105cy wyr\u00f3\u017cniaj\u0105ce si\u0119 projekty i kampanie internetowe na polskim rynku.<\/p>\n\n\n\n<p><strong>MUST HAVE<\/strong><br>Wyr\u00f3\u017cnienie przyznawane przez \u0141\u00f3d\u017a Design Festival dla dobrze zaprojektowanych produkt\u00f3w i us\u0142ug.<\/p>\n\n\n\n<p><strong>Dobry Wz\u00f3r<\/strong><br>Nagroda Instytutu Wzornictwa Przemys\u0142owego dla projekt\u00f3w o <\/p>\n\n\n\n<h2 class=\"wp-block-heading\">Cz\u0142onkini jury konkurs\u00f3w bran\u017cowych<\/h2>\n\n\n\n<p><strong>Polish Graphic Design Awards (PGDA)<\/strong><br>Og\u00f3lnopolski konkurs projektowy STGU, w kt\u00f3rym oceniane s\u0105 prace z obszaru komunikacji wizualnej, identyfikacji i digitalu.<br><br><strong>Sukces Pisany Szmink\u0105 \u2013 Bizneswoman Roku<\/strong><br>Konkurs promuj\u0105cy kobiety biznesu, liderki i inicjatywy wspieraj\u0105ce r\u00f3\u017cnorodno\u015b\u0107. Osoba ekspercka w jury kategorii \u201eFirma Przyjazna Rodzicom\u201d.<\/p>\n\n\n\n<p><strong>Muzeum Widzialne<\/strong><br>Konkurs organizowany przez Narodowy Instytut Muzealnictwa, nagradzaj\u0105cy najlepsze realizacje z zakresu identyfikacji wizualnej, wystaw i komunikacji muze\u00f3w.<\/p>\n","protected":false},"excerpt":{"rendered":"<p>Na przestrzeni ponad 15 lat kariery w marketingu i komunikacji wsp\u00f3\u0142tworzy\u0142am projekty nagradzane w najwa\u017cniejszych konkursach bran\u017cowych w Polsce. Pracuj\u0105c z zespo\u0142ami kreatywnymi i strategicznymi w agencjach, zdoby\u0142am do\u015bwiadczenie w realizacji kampanii docenianych za skuteczno\u015b\u0107, jako\u015b\u0107 i innowacyjne podej\u015bcie.Zosta\u0142am r\u00f3wnie\u017c zaproszona do grona juror\u00f3w w konkursach kreatywnych i biznesowych, oceniaj\u0105c projekty z obszaru komunikacji, brandingu&hellip; <a class=\"more-link\" href=\"https:\/\/katarzynalorenz.eu\/?page_id=17\">Continue reading <span class=\"screen-reader-text\">Nagrody i referencje<\/span><\/a><\/p>\n","protected":false},"author":1,"featured_media":0,"parent":0,"menu_order":0,"comment_status":"closed","ping_status":"closed","template":"","meta":{"footnotes":""},"class_list":["post-17","page","type-page","status-publish","hentry","entry"],"_links":{"self":[{"href":"https:\/\/katarzynalorenz.eu\/index.php?rest_route=\/wp\/v2\/pages\/17","targetHints":{"allow":["GET"]}}],"collection":[{"href":"https:\/\/katarzynalorenz.eu\/index.php?rest_route=\/wp\/v2\/pages"}],"about":[{"href":"https:\/\/katarzynalorenz.eu\/index.php?rest_route=\/wp\/v2\/types\/page"}],"author":[{"embeddable":true,"href":"https:\/\/katarzynalorenz.eu\/index.php?rest_route=\/wp\/v2\/users\/1"}],"replies":[{"embeddable":true,"href":"https:\/\/katarzynalorenz.eu\/index.php?rest_route=%2Fwp%2Fv2%2Fcomments&post=17"}],"version-history":[{"count":10,"href":"https:\/\/katarzynalorenz.eu\/index.php?rest_route=\/wp\/v2\/pages\/17\/revisions"}],"predecessor-version":[{"id":177,"href":"https:\/\/katarzynalorenz.eu\/index.php?rest_route=\/wp\/v2\/pages\/17\/revisions\/177"}],"wp:attachment":[{"href":"https:\/\/katarzynalorenz.eu\/index.php?rest_route=%2Fwp%2Fv2%2Fmedia&parent=17"}],"curies":[{"name":"wp","href":"https:\/\/api.w.org\/{rel}","templated":true}]}}