{"id":3,"date":"2025-10-05T10:53:11","date_gmt":"2025-10-05T08:53:11","guid":{"rendered":"http:\/\/katarzynalorenz.eu\/?page_id=3"},"modified":"2025-10-21T16:01:44","modified_gmt":"2025-10-21T14:01:44","slug":"polityka-prywatnosci","status":"publish","type":"page","link":"https:\/\/katarzynalorenz.eu\/?page_id=3","title":{"rendered":"Polityka prywatno\u015bci"},"content":{"rendered":"\n<p><strong>Administrator danych osobowych<\/strong><br>Administratorem danych jest Katarzyna Lorenz, prowadz\u0105ca dzia\u0142alno\u015b\u0107 w zakresie us\u0142ug marketingowych i komunikacyjnych.<br>Kontakt w sprawach zwi\u0105zanych z ochron\u0105 danych: k.lorenz(AT)cyberkids.pl<\/p>\n\n\n\n<p><strong>Zakres i cel przetwarzania danych<\/strong><br>Strona korzysta z plik\u00f3w cookies, kt\u00f3re mog\u0105 automatycznie gromadzi\u0107 anonimowe dane statystyczne \u2013 m.in. za po\u015brednictwem narz\u0119dzia Google Analytics.<br>Celem tych dzia\u0142a\u0144 jest analiza ruchu na stronie i jej dalsze udoskonalanie.<\/p>\n\n\n\n<p><strong>Podstawa przetwarzania danych<\/strong><br>Dane s\u0105 przetwarzane:<br>\u2013 na podstawie zgody u\u017cytkownika \u2013 w przypadku kontaktu mailowego,<br>\u2013 oraz w uzasadnionym interesie administratora \u2013 dla cel\u00f3w analitycznych i technicznych (Google Analytics).<\/p>\n\n\n\n<p><strong>Odbiorcy danych<\/strong><br>W ograniczonym zakresie dane mog\u0105 by\u0107 przetwarzane przez podmioty \u015bwiadcz\u0105ce us\u0142ugi hostingowe i analityczne, w tym Google LLC (narz\u0119dzie Google Analytics), zgodnie z zasadami prywatno\u015bci tego dostawcy.<\/p>\n\n\n\n<p><strong>Pliki cookies<\/strong><br>Strona wykorzystuje pliki cookies w celach statystycznych i funkcjonalnych.<br>U\u017cytkownik mo\u017ce w ka\u017cdej chwili zmieni\u0107 ustawienia dotycz\u0105ce cookies w swojej przegl\u0105darce lub usun\u0105\u0107 je ca\u0142kowicie.<\/p>\n\n\n\n<p><strong>Prawa u\u017cytkownika<\/strong><br>Strona nie gromadzi danych osobowych w spos\u00f3b aktywny \u2013 nie ma tu formularzy ani zapis\u00f3w do newslettera.<br>Je\u015bli u\u017cytkownik kontaktuje si\u0119 mailowo, dane wykorzystywane s\u0105 wy\u0142\u0105cznie w celu odpowiedzi na wiadomo\u015b\u0107.<br>Dane statystyczne (Google Analytics) s\u0105 anonimowe i nie pozwalaj\u0105 na identyfikacj\u0119 os\u00f3b odwiedzaj\u0105cych stron\u0119.<\/p>\n\n\n\n<p><strong>Okres przechowywania danych<\/strong><br>Dane osobowe (np. z korespondencji mailowej) przechowywane s\u0105 jedynie przez czas niezb\u0119dny do realizacji kontaktu, a nast\u0119pnie usuwane.<\/p>\n\n\n\n<p><\/p>\n","protected":false},"excerpt":{"rendered":"<p>Administrator danych osobowychAdministratorem danych jest Katarzyna Lorenz, prowadz\u0105ca dzia\u0142alno\u015b\u0107 w zakresie us\u0142ug marketingowych i komunikacyjnych.Kontakt w sprawach zwi\u0105zanych z ochron\u0105 danych: k.lorenz(AT)cyberkids.pl Zakres i cel przetwarzania danychStrona korzysta z plik\u00f3w cookies, kt\u00f3re mog\u0105 automatycznie gromadzi\u0107 anonimowe dane statystyczne \u2013 m.in. za po\u015brednictwem narz\u0119dzia Google Analytics.Celem tych dzia\u0142a\u0144 jest analiza ruchu na stronie i jej dalsze&hellip; <a class=\"more-link\" href=\"https:\/\/katarzynalorenz.eu\/?page_id=3\">Continue reading <span class=\"screen-reader-text\">Polityka prywatno\u015bci<\/span><\/a><\/p>\n","protected":false},"author":1,"featured_media":0,"parent":0,"menu_order":0,"comment_status":"closed","ping_status":"open","template":"","meta":{"footnotes":""},"class_list":["post-3","page","type-page","status-publish","hentry","entry"],"_links":{"self":[{"href":"https:\/\/katarzynalorenz.eu\/index.php?rest_route=\/wp\/v2\/pages\/3","targetHints":{"allow":["GET"]}}],"collection":[{"href":"https:\/\/katarzynalorenz.eu\/index.php?rest_route=\/wp\/v2\/pages"}],"about":[{"href":"https:\/\/katarzynalorenz.eu\/index.php?rest_route=\/wp\/v2\/types\/page"}],"author":[{"embeddable":true,"href":"https:\/\/katarzynalorenz.eu\/index.php?rest_route=\/wp\/v2\/users\/1"}],"replies":[{"embeddable":true,"href":"https:\/\/katarzynalorenz.eu\/index.php?rest_route=%2Fwp%2Fv2%2Fcomments&post=3"}],"version-history":[{"count":8,"href":"https:\/\/katarzynalorenz.eu\/index.php?rest_route=\/wp\/v2\/pages\/3\/revisions"}],"predecessor-version":[{"id":308,"href":"https:\/\/katarzynalorenz.eu\/index.php?rest_route=\/wp\/v2\/pages\/3\/revisions\/308"}],"wp:attachment":[{"href":"https:\/\/katarzynalorenz.eu\/index.php?rest_route=%2Fwp%2Fv2%2Fmedia&parent=3"}],"curies":[{"name":"wp","href":"https:\/\/api.w.org\/{rel}","templated":true}]}}